{"id":2394,"date":"2019-07-27T14:27:55","date_gmt":"2019-07-27T12:27:55","guid":{"rendered":"https:\/\/bluelavage.com\/?page_id=2394"},"modified":"2024-10-18T09:51:08","modified_gmt":"2024-10-18T07:51:08","slug":"impressum","status":"publish","type":"page","link":"https:\/\/bluelavage.com\/en\/impressum\/","title":{"rendered":"IMPRINT DE"},"content":{"rendered":"<div data-elementor-type=\"wp-page\" data-elementor-id=\"2394\" class=\"elementor elementor-2394\" data-elementor-post-type=\"page\">\n\t\t\t\t\t\t<section class=\"elementor-section elementor-top-section elementor-element elementor-element-72e53698 elementor-section-boxed elementor-section-height-default elementor-section-height-default\" data-id=\"72e53698\" data-element_type=\"section\" data-e-type=\"section\">\n\t\t\t\t\t\t<div class=\"elementor-container elementor-column-gap-default\">\n\t\t\t\t\t<div class=\"elementor-column elementor-col-100 elementor-top-column elementor-element elementor-element-67f800e\" data-id=\"67f800e\" data-element_type=\"column\" data-e-type=\"column\">\n\t\t\t<div class=\"elementor-widget-wrap elementor-element-populated\">\n\t\t\t\t\t\t<div class=\"elementor-element elementor-element-2627a9c5 elementor-widget elementor-widget-text-editor\" data-id=\"2627a9c5\" data-element_type=\"widget\" data-e-type=\"widget\" data-widget_type=\"text-editor.default\">\n\t\t\t\t<div class=\"elementor-widget-container\">\n\t\t\t\t\t\t\t\t\t<h3>imprint<\/h3><p>\u00a0<\/p><p>The provider of this website is<\/p><p class=\"teaser\"><strong>UTK Solution GmbH<\/strong><\/p><p>Sedanstr. 16<br \/>D-58507 L\u00fcdenscheid<\/p><p>Phone: +49 (0) 2351 985241 0<br \/>Fax: +49 (0) 2351 985241 49<\/p><p>Authorized managing director:<br \/>Dipl.-Ing. Olaf Thiessies<\/p><p>Iserlohn District Court<br \/>Reg. No.: HRB 41 23<br \/>VAT ID number: DE 193 870 173<\/p><p>Responsible for content according to \u00a7 5 (TMG):<br \/>Dipl.-Ing. Olaf Thiessies<\/p><h3 class=\"title\">Copyright \/ Copyright<\/h3><p>All content on this website is protected by copyright. However, completely different copyright and usage rights apply to the texts, scripts, images and graphics used.<\/p><ul class=\"circle\"><li><h5>UTK Solution<\/h5><p>The logo and almost all texts, images, graphics and photos published here are the sole property of UTK Solution GmbH. Their use is not permitted without our prior written consent.<\/p><\/li><\/ul><p class=\"hinweis2\">If you consider using any part of this website in electronic or printed media, it is essential that you carefully check the copyright conditions. We are happy to provide the necessary information. If parts of the website are reused, published elsewhere or used in any other way, we always request appropriate notification.<\/p><p>\u00a0<\/p>\t\t\t\t\t\t\t\t<\/div>\n\t\t\t\t<\/div>\n\t\t\t\t\t<\/div>\n\t\t<\/div>\n\t\t\t\t\t<\/div>\n\t\t<\/section>\n\t\t\t\t<\/div>","protected":false},"excerpt":{"rendered":"<p>Imprint The provider of this website is UTK Solution GmbH Sedanstr. 16D-58507 L\u00fcdenscheid Telephone: +49 (0) 2351 985241 0Fax: +49 (0) 2351 985241 49 Authorized representative managing director: Dipl.-Ing. Olaf Thiessies District Court IserlohnReg.No.: HRB 41 23UST-ID No.: DE 193 870 173 Person responsible for content in accordance with Section 5 (TMG): Dipl.-Ing. Olaf Thiessies Copyright All contents of this website are protected by copyright [\u2026]<\/p>","protected":false},"author":1,"featured_media":0,"parent":0,"menu_order":0,"comment_status":"closed","ping_status":"closed","template":"elementor_header_footer","meta":{"footnotes":""},"class_list":["post-2394","page","type-page","status-publish","hentry"],"yoast_head":"<!-- This site is optimized with the Yoast SEO plugin v26.7 - https:\/\/yoast.com\/wordpress\/plugins\/seo\/ -->\n<title>IMPRESSUM DE - Bluelavage<\/title>\n<meta name=\"robots\" content=\"index, follow, max-snippet:-1, max-image-preview:large, max-video-preview:-1\" \/>\n<link rel=\"canonical\" href=\"https:\/\/bluelavage.com\/en\/impressum\/\" \/>\n<meta property=\"og:locale\" content=\"en_US\" \/>\n<meta property=\"og:type\" content=\"article\" \/>\n<meta property=\"og:title\" content=\"IMPRESSUM DE - Bluelavage\" \/>\n<meta property=\"og:description\" content=\"Impressum \u00a0 Anbieter dieser Webseite ist die UTK Solution GmbH Sedanstr. 16D-58507 L\u00fcdenscheid Telefon: +49 (0) 2351 985241 0Telefax: +49 (0) 2351 985241 49 Vertretungsberechtigter Gesch\u00e4ftsf\u00fchrer:Dipl.-Ing. Olaf Thiessies Amtsgericht IserlohnReg.Nr.: HRB 41 23UST-ID Nr.: DE 193 870 173 Inhaltlich Verantwortlicher gem. \u00a7 5 (TMG):Dipl.-Ing. Olaf Thiessies Urheberrecht \/ Copyright Alle Inhalte dieser Website sind urheberrechtlich [&hellip;]\" \/>\n<meta property=\"og:url\" content=\"https:\/\/bluelavage.com\/en\/impressum\/\" \/>\n<meta property=\"og:site_name\" content=\"Bluelavage\" \/>\n<meta property=\"article:modified_time\" content=\"2024-10-18T07:51:08+00:00\" \/>\n<meta name=\"twitter:card\" content=\"summary_large_image\" \/>\n<meta name=\"twitter:label1\" content=\"Est. reading time\" \/>\n\t<meta name=\"twitter:data1\" content=\"1 minute\" \/>\n<script type=\"application\/ld+json\" class=\"yoast-schema-graph\">{\"@context\":\"https:\/\/schema.org\",\"@graph\":[{\"@type\":\"WebPage\",\"@id\":\"https:\/\/bluelavage.com\/impressum\/\",\"url\":\"https:\/\/bluelavage.com\/impressum\/\",\"name\":\"IMPRESSUM DE - Bluelavage\",\"isPartOf\":{\"@id\":\"https:\/\/bluelavage.com\/#website\"},\"datePublished\":\"2019-07-27T12:27:55+00:00\",\"dateModified\":\"2024-10-18T07:51:08+00:00\",\"breadcrumb\":{\"@id\":\"https:\/\/bluelavage.com\/impressum\/#breadcrumb\"},\"inLanguage\":\"en-US\",\"potentialAction\":[{\"@type\":\"ReadAction\",\"target\":[\"https:\/\/bluelavage.com\/impressum\/\"]}]},{\"@type\":\"BreadcrumbList\",\"@id\":\"https:\/\/bluelavage.com\/impressum\/#breadcrumb\",\"itemListElement\":[{\"@type\":\"ListItem\",\"position\":1,\"name\":\"[:de]Startseite[:]\",\"item\":\"https:\/\/bluelavage.com\/\"},{\"@type\":\"ListItem\",\"position\":2,\"name\":\"IMPRESSUM DE\"}]},{\"@type\":\"WebSite\",\"@id\":\"https:\/\/bluelavage.com\/#website\",\"url\":\"https:\/\/bluelavage.com\/\",\"name\":\"Bluelavage\",\"description\":\"Pulse Lavage neu gedacht!\",\"potentialAction\":[{\"@type\":\"SearchAction\",\"target\":{\"@type\":\"EntryPoint\",\"urlTemplate\":\"https:\/\/bluelavage.com\/?s={search_term_string}\"},\"query-input\":{\"@type\":\"PropertyValueSpecification\",\"valueRequired\":true,\"valueName\":\"search_term_string\"}}],\"inLanguage\":\"en-US\"}]}<\/script>\n<!-- \/ Yoast SEO plugin. -->","yoast_head_json":{"title":"IMPRINT DE - Bluelavage","robots":{"index":"index","follow":"follow","max-snippet":"max-snippet:-1","max-image-preview":"max-image-preview:large","max-video-preview":"max-video-preview:-1"},"canonical":"https:\/\/bluelavage.com\/en\/impressum\/","og_locale":"en_US","og_type":"article","og_title":"IMPRESSUM DE - Bluelavage","og_description":"Impressum \u00a0 Anbieter dieser Webseite ist die UTK Solution GmbH Sedanstr. 16D-58507 L\u00fcdenscheid Telefon: +49 (0) 2351 985241 0Telefax: +49 (0) 2351 985241 49 Vertretungsberechtigter Gesch\u00e4ftsf\u00fchrer:Dipl.-Ing. Olaf Thiessies Amtsgericht IserlohnReg.Nr.: HRB 41 23UST-ID Nr.: DE 193 870 173 Inhaltlich Verantwortlicher gem. \u00a7 5 (TMG):Dipl.-Ing. Olaf Thiessies Urheberrecht \/ Copyright Alle Inhalte dieser Website sind urheberrechtlich [&hellip;]","og_url":"https:\/\/bluelavage.com\/en\/impressum\/","og_site_name":"Bluelavage","article_modified_time":"2024-10-18T07:51:08+00:00","twitter_card":"summary_large_image","twitter_misc":{"Est. reading time":"1 minute"},"schema":{"@context":"https:\/\/schema.org","@graph":[{"@type":"WebPage","@id":"https:\/\/bluelavage.com\/impressum\/","url":"https:\/\/bluelavage.com\/impressum\/","name":"IMPRINT DE - Bluelavage","isPartOf":{"@id":"https:\/\/bluelavage.com\/#website"},"datePublished":"2019-07-27T12:27:55+00:00","dateModified":"2024-10-18T07:51:08+00:00","breadcrumb":{"@id":"https:\/\/bluelavage.com\/impressum\/#breadcrumb"},"inLanguage":"en-US","potentialAction":[{"@type":"ReadAction","target":["https:\/\/bluelavage.com\/impressum\/"]}]},{"@type":"BreadcrumbList","@id":"https:\/\/bluelavage.com\/impressum\/#breadcrumb","itemListElement":[{"@type":"ListItem","position":1,"name":"[:de]Startseite[:]","item":"https:\/\/bluelavage.com\/"},{"@type":"ListItem","position":2,"name":"IMPRESSUM DE"}]},{"@type":"WebSite","@id":"https:\/\/bluelavage.com\/#website","url":"https:\/\/bluelavage.com\/","name":"Bluelavage","description":"Pulse lavage rethought!","potentialAction":[{"@type":"SearchAction","target":{"@type":"EntryPoint","urlTemplate":"https:\/\/bluelavage.com\/?s={search_term_string}"},"query-input":{"@type":"PropertyValueSpecification","valueRequired":true,"valueName":"search_term_string"}}],"inLanguage":"en-US"}]}},"jetpack_sharing_enabled":true,"_links":{"self":[{"href":"https:\/\/bluelavage.com\/en\/wp-json\/wp\/v2\/pages\/2394","targetHints":{"allow":["GET"]}}],"collection":[{"href":"https:\/\/bluelavage.com\/en\/wp-json\/wp\/v2\/pages"}],"about":[{"href":"https:\/\/bluelavage.com\/en\/wp-json\/wp\/v2\/types\/page"}],"author":[{"embeddable":true,"href":"https:\/\/bluelavage.com\/en\/wp-json\/wp\/v2\/users\/1"}],"replies":[{"embeddable":true,"href":"https:\/\/bluelavage.com\/en\/wp-json\/wp\/v2\/comments?post=2394"}],"version-history":[{"count":6,"href":"https:\/\/bluelavage.com\/en\/wp-json\/wp\/v2\/pages\/2394\/revisions"}],"predecessor-version":[{"id":3632,"href":"https:\/\/bluelavage.com\/en\/wp-json\/wp\/v2\/pages\/2394\/revisions\/3632"}],"wp:attachment":[{"href":"https:\/\/bluelavage.com\/en\/wp-json\/wp\/v2\/media?parent=2394"}],"curies":[{"name":"wp","href":"https:\/\/api.w.org\/{rel}","templated":true}]}}