{"id":3,"date":"2019-07-06T08:30:06","date_gmt":"2019-07-06T06:30:06","guid":{"rendered":"https:\/\/bluelavage.com\/?page_id=3"},"modified":"2024-10-18T09:46:00","modified_gmt":"2024-10-18T07:46:00","slug":"datenschutzerklaerung","status":"publish","type":"page","link":"https:\/\/bluelavage.com\/en\/datenschutzerklaerung\/","title":{"rendered":"Data protection"},"content":{"rendered":"<div data-elementor-type=\"wp-page\" data-elementor-id=\"3\" class=\"elementor elementor-3\" data-elementor-post-type=\"page\">\n\t\t\t\t\t\t<section class=\"elementor-section elementor-top-section elementor-element elementor-element-3d8e4876 elementor-section-boxed elementor-section-height-default elementor-section-height-default\" data-id=\"3d8e4876\" data-element_type=\"section\" data-e-type=\"section\">\n\t\t\t\t\t\t<div class=\"elementor-container elementor-column-gap-default\">\n\t\t\t\t\t<div class=\"elementor-column elementor-col-100 elementor-top-column elementor-element elementor-element-769ab640\" data-id=\"769ab640\" data-element_type=\"column\" data-e-type=\"column\">\n\t\t\t<div class=\"elementor-widget-wrap elementor-element-populated\">\n\t\t\t\t\t\t<div class=\"elementor-element elementor-element-36c8c662 elementor-widget elementor-widget-text-editor\" data-id=\"36c8c662\" data-element_type=\"widget\" data-e-type=\"widget\" data-widget_type=\"text-editor.default\">\n\t\t\t\t<div class=\"elementor-widget-container\">\n\t\t\t\t\t\t\t\t\t<p><\/p>\n<h2 class=\"wp-block-heading\">Data protection<\/h2>\n<p><\/p>\n<h3 class=\"wp-block-heading\">1. General information<\/h3>\n<p><\/p>\n<p>The operators of these sites take the protection of your personal data very seriously.<br \/>We treat your personal data confidentially and in accordance with the statutory data protection regulations and this privacy policy.<br \/>When you use this website, various personal data is collected. Personal data is data with which you can be personally identified.<br \/>This privacy policy explains which data we collect and what we use it for. It also explains how and for what purpose this happens. We would like to point out that data transmission over the Internet (e.g. when communicating by email) can have security gaps.<br \/>Complete protection of data from access by third parties is not possible.<\/p>\n<p><\/p>\n<h3 class=\"wp-block-heading\">2. Note on the responsible body<\/h3>\n<p><\/p>\n<p>The responsible body for data protection is the natural or legal person who alone or jointly with others decides on the purposes and means of processing personal data (e.g. names, e-mail addresses, etc.). For this website, this is the<\/p>\n<p><\/p>\n<h4 class=\"wp-block-heading\">UTK Solution GmbH<\/h4>\n<p><\/p>\n<figure class=\"wp-block-image\"><img decoding=\"async\" src=\"https:\/\/www.utk-solution.com\/images\/allgemein\/gitternetz.png\" alt=\"Impressum\" \/><\/figure>\n<p><\/p>\n<p>Sedanstr. 16<br \/>D-58507 L\u00fcdenscheid<\/p>\n<p><\/p>\n<p>Phone: +49 (0) 2351 985241 0<br \/>Fax: +49 (0) 2351 985241 49<\/p>\n<p><\/p>\n<p>Authorized managing director:<br \/>Dipl.-Ing. Olaf Thiessies<\/p>\n<p><\/p>\n<p>Iserlohn District Court<br \/>Reg. No.: HRB 41 23<br \/>VAT ID number: DE 193 870 173<\/p>\n<p><\/p>\n<h3 class=\"wp-block-heading\">3. Revocation of your consent to data processing and right to complain<\/h3>\n<p><\/p>\n<p>Many data processing operations are only possible with your express consent. You can revoke your consent at any time. All you need to do is send us an informal email. The legality of the data processing carried out up to the time of revocation remains unaffected by the revocation.<\/p>\n<p><\/p>\n<p>In the event of violations of data protection law, the person affected has the right to lodge a complaint with the responsible supervisory authority. The responsible supervisory authority for data protection issues is the state data protection officer of the federal state in which the company is based, in our case NRW. The contact details can be found at the following link: <br \/><a href=\"https:\/\/www.bfdi.bund.de\/SharedDocs\/Adressen\/LfD\/NordrheinWestfalen.html?nn=5217144\" target=\"_blank\" rel=\"noreferrer noopener\">Helga Block \u2013 State Commissioner for Data Protection and Freedom of Information for North Rhine-Westphalia<\/a>.<\/p>\n<p><\/p>\n<h3 class=\"wp-block-heading\">4. Right to data portability<\/h3>\n<p><\/p>\n<p>You have the right to have data that we process automatically on the basis of your consent or in fulfillment of a contract handed over to you or to a third party in a common, machine-readable format. If you request that the data be transferred directly to another responsible party, this will only be done if it is technically feasible.<\/p>\n<p><\/p>\n<h3 class=\"wp-block-heading\">5. SSL encryption<\/h3>\n<p><\/p>\n<p>This site uses SSL encryption to protect the transmission of confidential content, such as requests that you send to us as the site operator. You can tell this by the fact that the address line of the browser changes from \u201chttp:\/\/\u201d to \u201chttps:\/\/\u201d and a lock appears in your browser line. <br \/>This type of encryption means that the data you transmit to us cannot be read by third parties.<\/p>\n<p><\/p>\n<h3 class=\"wp-block-heading\">6. Information, blocking, deletion<\/h3>\n<p><\/p>\n<p>Within the framework of the applicable legal provisions, you have the right at any time to obtain free information about your stored personal data, its origin and recipient and the purpose of data processing and, if applicable, a right to correction, blocking or deletion of this data.<\/p>\n<p><\/p>\n<h3 class=\"wp-block-heading\">7. Data collection by UTK Solution GmbH<\/h3>\n<p><\/p>\n<p>Data collection on the UTK Solution website is done, as is the case almost everywhere nowadays, in the manner described below using<\/p>\n<p><\/p>\n<ul class=\"wp-block-list\">\n<li>Cookies<\/li>\n<li>Server log files<\/li>\n<li>contact form<\/li>\n<\/ul>\n<p><\/p>\n<p><strong>to the cookies<\/strong><\/p>\n<p><\/p>\n<p>Cookies are small files in which information is stored when you visit our website, which is related to the specific device used (PC, laptop, tablet, smartphone, etc.). This does not mean that we thereby gain knowledge of your identity. <br \/>Cookies are created automatically and do not cause any damage to the end device. Cookies also do not contain viruses, Trojans or other malware. <br \/>The use of cookies serves, on the one hand, to make the use of our services more pleasant for you. So-called session cookies are set to recognize that you have already visited individual pages of our website. These are automatically deleted after you leave our pages. <br \/>Temporary cookies, which are stored on your device for a specific period of time, also serve to optimize user-friendliness. If you visit our site again to use our services, it will automatically recognize that you have already visited us and what entries and settings you have made. This means that you do not have to enter them again.<\/p>\n<p><\/p>\n<p><strong>to the server log files<\/strong><\/p>\n<p><\/p>\n<p>When you visit utk.solution.com, the browser used on your device automatically sends information to the server of our website. This information is temporarily stored in a so-called log file. The following data is recorded without your intervention and stored until it is automatically deleted:<\/p>\n<p><\/p>\n<ul class=\"wp-block-list\">\n<li>IP address of the requesting computer<\/li>\n<li>Date and time of access<\/li>\n<li>Name and URL of the retrieved file<\/li>\n<li>Website from which access is made (referrer URL), browser used and, if applicable, the operating system of your computer and the name of your access provider.<\/li>\n<\/ul>\n<p><\/p>\n<p>We do not process or collect the data mentioned above. Nor do we use the data collected under any circumstances to draw conclusions about you personally.<\/p>\n<p><\/p>\n<p><strong>To contact form<\/strong><\/p>\n<p><\/p>\n<p>Our contact form gives you the opportunity to contact us via the website. You must provide a valid email address and a message so that we know who the request came from and can answer it. You can provide additional information voluntarily. <br \/>The data processing for the purpose of contacting us is carried out in accordance with Art. 6 Paragraph 1 Clause 1 Letter a of GDPR on the basis of your voluntarily given consent. The personal data collected by us for the use of the contact form will be deleted after your request has been processed.<\/p>\n<p><\/p>\n<h3 class=\"wp-block-heading\">8. Data collection by Google Maps<\/h3>\n<p><\/p>\n<p>Google Maps is also used on the utk-solution.com website. This enables us to visually display geographical information and to offer the creation of directions. When a visitor to our website uses Google&#039;s Maps service, Google also collects, processes and uses data about the use of the Maps functions by this visitor. You can find detailed information about data processing by Google in the <a href=\"https:\/\/policies.google.com\/privacy\" target=\"_blank\" rel=\"noreferrer noopener\">Google\u2019s privacy policy<\/a> remove.<\/p>\n<p><\/p>\n<h3 class=\"wp-block-heading\">9. Currentness and changes to this statement<\/h3>\n<p><\/p>\n<p>This data protection declaration is currently valid and is dated May 2018. <br \/>Due to the further development of our website or due to changes in legal or official requirements, it may become necessary to change it. You can access and print out the current data protection declaration here at any time.<\/p>\n<p><\/p>\n<p><\/p>\n<h2 class=\"wp-block-heading\">Data protection<\/h2>\n<p><\/p>\n<h3 class=\"wp-block-heading\">1. General information<\/h3>\n<p><\/p>\n<p>The operators of these sites take the protection of your personal data very seriously.<br \/>We treat your personal data confidentially and in accordance with the statutory data protection regulations and this privacy policy.<br \/>When you use this website, various personal data is collected. Personal data is data with which you can be personally identified.<br \/>This privacy policy explains which data we collect and what we use it for. It also explains how and for what purpose this happens. We would like to point out that data transmission over the Internet (e.g. when communicating by email) can have security gaps.<br \/>Complete protection of data from access by third parties is not possible.<\/p>\n<p><\/p>\n<h3 class=\"wp-block-heading\">2. Note on the responsible body<\/h3>\n<p><\/p>\n<p>The responsible body for data protection is the natural or legal person who alone or jointly with others decides on the purposes and means of processing personal data (e.g. names, e-mail addresses, etc.). For this website, this is the<\/p>\n<p><\/p>\n<h4 class=\"wp-block-heading\">UTK Solution GmbH<\/h4>\n<p><\/p>\n<figure class=\"wp-block-image\"><img decoding=\"async\" src=\"https:\/\/www.utk-solution.com\/images\/allgemein\/gitternetz.png\" alt=\"Impressum\" \/><\/figure>\n<p><\/p>\n<p>Sedanstr. 16<br \/>D-58507 L\u00fcdenscheid<\/p>\n<p><\/p>\n<p>Phone: +49 (0) 2351 985241 0<br \/>Fax: +49 (0) 2351 985241 49<\/p>\n<p><\/p>\n<p>Authorized managing director:<br \/>Dipl.-Ing. Olaf Thiessies<\/p>\n<p><\/p>\n<p>Iserlohn District Court<br \/>Reg. No.: HRB 41 23<br \/>VAT ID number: DE 193 870 173<\/p>\n<p><\/p>\n<h3 class=\"wp-block-heading\">3. Revocation of your consent to data processing and right to complain<\/h3>\n<p><\/p>\n<p>Many data processing operations are only possible with your express consent. You can revoke your consent at any time. All you need to do is send us an informal email. The legality of the data processing carried out up to the time of revocation remains unaffected by the revocation.<\/p>\n<p><\/p>\n<p>In the event of violations of data protection law, the person affected has the right to lodge a complaint with the responsible supervisory authority. The responsible supervisory authority for data protection issues is the state data protection officer of the federal state in which the company is based, in our case NRW. The contact details can be found at the following link: <br \/><a href=\"https:\/\/www.bfdi.bund.de\/SharedDocs\/Adressen\/LfD\/NordrheinWestfalen.html?nn=5217144\" target=\"_blank\" rel=\"noreferrer noopener\">Helga Block \u2013 State Commissioner for Data Protection and Freedom of Information for North Rhine-Westphalia<\/a>.<\/p>\n<p><\/p>\n<h3 class=\"wp-block-heading\">4. Right to data portability<\/h3>\n<p><\/p>\n<p>You have the right to have data that we process automatically on the basis of your consent or in fulfillment of a contract handed over to you or to a third party in a common, machine-readable format. If you request that the data be transferred directly to another responsible party, this will only be done if it is technically feasible.<\/p>\n<p><\/p>\n<h3 class=\"wp-block-heading\">5. SSL encryption<\/h3>\n<p><\/p>\n<p>This site uses SSL encryption to protect the transmission of confidential content, such as requests that you send to us as the site operator. You can tell this by the fact that the address line of the browser changes from \u201chttp:\/\/\u201d to \u201chttps:\/\/\u201d and a lock appears in your browser line. <br \/>This type of encryption means that the data you transmit to us cannot be read by third parties.<\/p>\n<p><\/p>\n<h3 class=\"wp-block-heading\">6. Information, blocking, deletion<\/h3>\n<p><\/p>\n<p>Within the framework of the applicable legal provisions, you have the right at any time to obtain free information about your stored personal data, its origin and recipient and the purpose of data processing and, if applicable, a right to correction, blocking or deletion of this data.<\/p>\n<p><\/p>\n<h3 class=\"wp-block-heading\">7. Data collection by UTK Solution GmbH<\/h3>\n<p><\/p>\n<p>Data collection on the UTK Solution website is done, as is the case almost everywhere nowadays, in the manner described below using<\/p>\n<p><\/p>\n<ul class=\"wp-block-list\">\n<li>Cookies<\/li>\n<li>Server log files<\/li>\n<li>contact form<\/li>\n<\/ul>\n<p><\/p>\n<p><strong>to the cookies<\/strong><\/p>\n<p><\/p>\n<p>Cookies are small files in which information is stored when you visit our website, which is related to the specific device used (PC, laptop, tablet, smartphone, etc.). This does not mean that we thereby gain knowledge of your identity. <br \/>Cookies are created automatically and do not cause any damage to the end device. Cookies also do not contain viruses, Trojans or other malware. <br \/>The use of cookies serves, on the one hand, to make the use of our services more pleasant for you. So-called session cookies are set to recognize that you have already visited individual pages of our website. These are automatically deleted after you leave our pages. <br \/>Temporary cookies, which are stored on your device for a specific period of time, also serve to optimize user-friendliness. If you visit our site again to use our services, it will automatically recognize that you have already visited us and what entries and settings you have made. This means that you do not have to enter them again.<\/p>\n<p><\/p>\n<p><strong>to the server log files<\/strong><\/p>\n<p><\/p>\n<p>When you visit utk.solution.com, the browser used on your device automatically sends information to the server of our website. This information is temporarily stored in a so-called log file. The following data is recorded without your intervention and stored until it is automatically deleted:<\/p>\n<p><\/p>\n<ul class=\"wp-block-list\">\n<li>IP address of the requesting computer<\/li>\n<li>Date and time of access<\/li>\n<li>Name and URL of the retrieved file<\/li>\n<li>Website from which access is made (referrer URL), browser used and, if applicable, the operating system of your computer and the name of your access provider.<\/li>\n<\/ul>\n<p><\/p>\n<p>We do not process or collect the data mentioned above. Nor do we use the data collected under any circumstances to draw conclusions about you personally.<\/p>\n<p><\/p>\n<p><strong>To contact form<\/strong><\/p>\n<p><\/p>\n<p>Our contact form gives you the opportunity to contact us via the website. You must provide a valid email address and a message so that we know who the request came from and can answer it. You can provide additional information voluntarily. <br \/>The data processing for the purpose of contacting us is carried out in accordance with Art. 6 Paragraph 1 Clause 1 Letter a of GDPR on the basis of your voluntarily given consent. The personal data collected by us for the use of the contact form will be deleted after your request has been processed.<\/p>\n<p><\/p>\n<h3 class=\"wp-block-heading\">8. Data collection by Google Maps<\/h3>\n<p><\/p>\n<p>Google Maps is also used on the utk-solution.com website. This enables us to visually display geographical information and to offer the creation of directions. When a visitor to our website uses Google&#039;s Maps service, Google also collects, processes and uses data about the use of the Maps functions by this visitor. You can find detailed information about data processing by Google in the <a href=\"https:\/\/policies.google.com\/privacy\" target=\"_blank\" rel=\"noreferrer noopener\">Google\u2019s privacy policy<\/a> remove.<\/p>\n<p><\/p>\n<h3 class=\"wp-block-heading\">9. Currentness and changes to this statement<\/h3>\n<p><\/p>\n<p>This data protection declaration is currently valid and is dated May 2018. <br \/>Due to the further development of our website or due to changes in legal or official requirements, it may become necessary to change it. You can access and print out the current data protection declaration here at any time.<\/p>\n<p><\/p>\t\t\t\t\t\t\t\t<\/div>\n\t\t\t\t<\/div>\n\t\t\t\t\t<\/div>\n\t\t<\/div>\n\t\t\t\t\t<\/div>\n\t\t<\/section>\n\t\t\t\t<\/div>","protected":false},"excerpt":{"rendered":"<p>Data protection declaration 1. General information The operators of these pages take the protection of your personal data very seriously. We treat your personal data confidentially and in accordance with the statutory data protection regulations and this data protection declaration. When you use this website, various personal data is collected. Personal data is data with which you can be personally identified. This data protection declaration explains which data we [\u2026]<\/p>","protected":false},"author":1,"featured_media":0,"parent":0,"menu_order":0,"comment_status":"closed","ping_status":"open","template":"elementor_header_footer","meta":{"footnotes":""},"class_list":["post-3","page","type-page","status-publish","hentry"],"yoast_head":"<!-- This site is optimized with the Yoast SEO plugin v26.7 - https:\/\/yoast.com\/wordpress\/plugins\/seo\/ -->\n<title>Datenschutzerkl\u00e4rung - Bluelavage<\/title>\n<meta name=\"robots\" content=\"index, follow, max-snippet:-1, max-image-preview:large, max-video-preview:-1\" \/>\n<link rel=\"canonical\" href=\"https:\/\/bluelavage.com\/en\/datenschutzerklaerung\/\" \/>\n<meta property=\"og:locale\" content=\"en_US\" \/>\n<meta property=\"og:type\" content=\"article\" \/>\n<meta property=\"og:title\" content=\"Datenschutzerkl\u00e4rung - Bluelavage\" \/>\n<meta property=\"og:description\" content=\"Datenschutzerkl\u00e4rung 1. Allgemeine Hinweise Die Betreiber dieser Seiten nehmen den Schutz Ihrer pers\u00f6nlichen Daten sehr ernst.Wir behandeln Ihre personenbezogenen Daten vertraulich und entsprechend der gesetzlichen Datenschutzvorschriften sowie dieser Datenschutzerkl\u00e4rung.Wenn Sie diese Website benutzen, werden verschiedene personenbezogene Daten erhoben. Personenbezogene Daten sind Daten, mit denen Sie pers\u00f6nlich identifiziert werden k\u00f6nnen.Die vorliegende Datenschutzerkl\u00e4rung erl\u00e4utert, welche Daten wir [&hellip;]\" \/>\n<meta property=\"og:url\" content=\"https:\/\/bluelavage.com\/en\/datenschutzerklaerung\/\" \/>\n<meta property=\"og:site_name\" content=\"Bluelavage\" \/>\n<meta property=\"article:modified_time\" content=\"2024-10-18T07:46:00+00:00\" \/>\n<meta property=\"og:image\" content=\"https:\/\/www.utk-solution.com\/images\/allgemein\/gitternetz.png\" \/>\n<meta name=\"twitter:card\" content=\"summary_large_image\" \/>\n<meta name=\"twitter:label1\" content=\"Est. reading time\" \/>\n\t<meta name=\"twitter:data1\" content=\"12 minutes\" \/>\n<script type=\"application\/ld+json\" class=\"yoast-schema-graph\">{\"@context\":\"https:\/\/schema.org\",\"@graph\":[{\"@type\":\"WebPage\",\"@id\":\"https:\/\/bluelavage.com\/datenschutzerklaerung\/\",\"url\":\"https:\/\/bluelavage.com\/datenschutzerklaerung\/\",\"name\":\"Datenschutzerkl\u00e4rung - Bluelavage\",\"isPartOf\":{\"@id\":\"https:\/\/bluelavage.com\/#website\"},\"primaryImageOfPage\":{\"@id\":\"https:\/\/bluelavage.com\/datenschutzerklaerung\/#primaryimage\"},\"image\":{\"@id\":\"https:\/\/bluelavage.com\/datenschutzerklaerung\/#primaryimage\"},\"thumbnailUrl\":\"https:\/\/www.utk-solution.com\/images\/allgemein\/gitternetz.png\",\"datePublished\":\"2019-07-06T06:30:06+00:00\",\"dateModified\":\"2024-10-18T07:46:00+00:00\",\"breadcrumb\":{\"@id\":\"https:\/\/bluelavage.com\/datenschutzerklaerung\/#breadcrumb\"},\"inLanguage\":\"en-US\",\"potentialAction\":[{\"@type\":\"ReadAction\",\"target\":[\"https:\/\/bluelavage.com\/datenschutzerklaerung\/\"]}]},{\"@type\":\"ImageObject\",\"inLanguage\":\"en-US\",\"@id\":\"https:\/\/bluelavage.com\/datenschutzerklaerung\/#primaryimage\",\"url\":\"https:\/\/www.utk-solution.com\/images\/allgemein\/gitternetz.png\",\"contentUrl\":\"https:\/\/www.utk-solution.com\/images\/allgemein\/gitternetz.png\"},{\"@type\":\"BreadcrumbList\",\"@id\":\"https:\/\/bluelavage.com\/datenschutzerklaerung\/#breadcrumb\",\"itemListElement\":[{\"@type\":\"ListItem\",\"position\":1,\"name\":\"[:de]Startseite[:]\",\"item\":\"https:\/\/bluelavage.com\/\"},{\"@type\":\"ListItem\",\"position\":2,\"name\":\"Datenschutzerkl\u00e4rung\"}]},{\"@type\":\"WebSite\",\"@id\":\"https:\/\/bluelavage.com\/#website\",\"url\":\"https:\/\/bluelavage.com\/\",\"name\":\"Bluelavage\",\"description\":\"Pulse Lavage neu gedacht!\",\"potentialAction\":[{\"@type\":\"SearchAction\",\"target\":{\"@type\":\"EntryPoint\",\"urlTemplate\":\"https:\/\/bluelavage.com\/?s={search_term_string}\"},\"query-input\":{\"@type\":\"PropertyValueSpecification\",\"valueRequired\":true,\"valueName\":\"search_term_string\"}}],\"inLanguage\":\"en-US\"}]}<\/script>\n<!-- \/ Yoast SEO plugin. -->","yoast_head_json":{"title":"Privacy Policy - Bluelavage","robots":{"index":"index","follow":"follow","max-snippet":"max-snippet:-1","max-image-preview":"max-image-preview:large","max-video-preview":"max-video-preview:-1"},"canonical":"https:\/\/bluelavage.com\/en\/datenschutzerklaerung\/","og_locale":"en_US","og_type":"article","og_title":"Datenschutzerkl\u00e4rung - Bluelavage","og_description":"Datenschutzerkl\u00e4rung 1. Allgemeine Hinweise Die Betreiber dieser Seiten nehmen den Schutz Ihrer pers\u00f6nlichen Daten sehr ernst.Wir behandeln Ihre personenbezogenen Daten vertraulich und entsprechend der gesetzlichen Datenschutzvorschriften sowie dieser Datenschutzerkl\u00e4rung.Wenn Sie diese Website benutzen, werden verschiedene personenbezogene Daten erhoben. Personenbezogene Daten sind Daten, mit denen Sie pers\u00f6nlich identifiziert werden k\u00f6nnen.Die vorliegende Datenschutzerkl\u00e4rung erl\u00e4utert, welche Daten wir [&hellip;]","og_url":"https:\/\/bluelavage.com\/en\/datenschutzerklaerung\/","og_site_name":"Bluelavage","article_modified_time":"2024-10-18T07:46:00+00:00","og_image":[{"url":"https:\/\/www.utk-solution.com\/images\/allgemein\/gitternetz.png","type":"","width":"","height":""}],"twitter_card":"summary_large_image","twitter_misc":{"Est. reading time":"12 minutes"},"schema":{"@context":"https:\/\/schema.org","@graph":[{"@type":"WebPage","@id":"https:\/\/bluelavage.com\/datenschutzerklaerung\/","url":"https:\/\/bluelavage.com\/datenschutzerklaerung\/","name":"Privacy Policy - Bluelavage","isPartOf":{"@id":"https:\/\/bluelavage.com\/#website"},"primaryImageOfPage":{"@id":"https:\/\/bluelavage.com\/datenschutzerklaerung\/#primaryimage"},"image":{"@id":"https:\/\/bluelavage.com\/datenschutzerklaerung\/#primaryimage"},"thumbnailUrl":"https:\/\/www.utk-solution.com\/images\/allgemein\/gitternetz.png","datePublished":"2019-07-06T06:30:06+00:00","dateModified":"2024-10-18T07:46:00+00:00","breadcrumb":{"@id":"https:\/\/bluelavage.com\/datenschutzerklaerung\/#breadcrumb"},"inLanguage":"en-US","potentialAction":[{"@type":"ReadAction","target":["https:\/\/bluelavage.com\/datenschutzerklaerung\/"]}]},{"@type":"ImageObject","inLanguage":"en-US","@id":"https:\/\/bluelavage.com\/datenschutzerklaerung\/#primaryimage","url":"https:\/\/www.utk-solution.com\/images\/allgemein\/gitternetz.png","contentUrl":"https:\/\/www.utk-solution.com\/images\/allgemein\/gitternetz.png"},{"@type":"BreadcrumbList","@id":"https:\/\/bluelavage.com\/datenschutzerklaerung\/#breadcrumb","itemListElement":[{"@type":"ListItem","position":1,"name":"[:de]Startseite[:]","item":"https:\/\/bluelavage.com\/"},{"@type":"ListItem","position":2,"name":"Datenschutzerkl\u00e4rung"}]},{"@type":"WebSite","@id":"https:\/\/bluelavage.com\/#website","url":"https:\/\/bluelavage.com\/","name":"Bluelavage","description":"Pulse lavage rethought!","potentialAction":[{"@type":"SearchAction","target":{"@type":"EntryPoint","urlTemplate":"https:\/\/bluelavage.com\/?s={search_term_string}"},"query-input":{"@type":"PropertyValueSpecification","valueRequired":true,"valueName":"search_term_string"}}],"inLanguage":"en-US"}]}},"jetpack_sharing_enabled":true,"_links":{"self":[{"href":"https:\/\/bluelavage.com\/en\/wp-json\/wp\/v2\/pages\/3","targetHints":{"allow":["GET"]}}],"collection":[{"href":"https:\/\/bluelavage.com\/en\/wp-json\/wp\/v2\/pages"}],"about":[{"href":"https:\/\/bluelavage.com\/en\/wp-json\/wp\/v2\/types\/page"}],"author":[{"embeddable":true,"href":"https:\/\/bluelavage.com\/en\/wp-json\/wp\/v2\/users\/1"}],"replies":[{"embeddable":true,"href":"https:\/\/bluelavage.com\/en\/wp-json\/wp\/v2\/comments?post=3"}],"version-history":[{"count":6,"href":"https:\/\/bluelavage.com\/en\/wp-json\/wp\/v2\/pages\/3\/revisions"}],"predecessor-version":[{"id":3625,"href":"https:\/\/bluelavage.com\/en\/wp-json\/wp\/v2\/pages\/3\/revisions\/3625"}],"wp:attachment":[{"href":"https:\/\/bluelavage.com\/en\/wp-json\/wp\/v2\/media?parent=3"}],"curies":[{"name":"wp","href":"https:\/\/api.w.org\/{rel}","templated":true}]}}