{"id":2755,"date":"2021-02-17T17:25:27","date_gmt":"2021-02-17T16:25:27","guid":{"rendered":"https:\/\/bluelavage.com\/?page_id=2755"},"modified":"2021-02-17T22:26:31","modified_gmt":"2021-02-17T21:26:31","slug":"referenzen-neu","status":"publish","type":"page","link":"https:\/\/bluelavage.com\/pl\/referenzen-neu\/","title":{"rendered":"REFERENCJE"},"content":{"rendered":"<div data-elementor-type=\"wp-page\" data-elementor-id=\"2755\" class=\"elementor elementor-2755\" data-elementor-post-type=\"page\">\n\t\t\t\t\t\t<section class=\"elementor-section elementor-top-section elementor-element elementor-element-33f89c8 elementor-section-boxed elementor-section-height-default elementor-section-height-default\" data-id=\"33f89c8\" data-element_type=\"section\" data-e-type=\"section\" data-settings=\"{&quot;background_background&quot;:&quot;classic&quot;}\">\n\t\t\t\t\t\t<div class=\"elementor-container elementor-column-gap-default\">\n\t\t\t\t\t<div class=\"elementor-column elementor-col-100 elementor-top-column elementor-element elementor-element-405694d\" data-id=\"405694d\" data-element_type=\"column\" data-e-type=\"column\">\n\t\t\t<div class=\"elementor-widget-wrap elementor-element-populated\">\n\t\t\t\t\t\t<div class=\"elementor-element elementor-element-47b2d9a elementor-widget elementor-widget-heading\" data-id=\"47b2d9a\" data-element_type=\"widget\" data-e-type=\"widget\" data-widget_type=\"heading.default\">\n\t\t\t\t<div class=\"elementor-widget-container\">\n\t\t\t\t\t<h2 class=\"elementor-heading-title elementor-size-default\">REFERENCJE<\/h2>\t\t\t\t<\/div>\n\t\t\t\t<\/div>\n\t\t\t\t\t<\/div>\n\t\t<\/div>\n\t\t\t\t\t<\/div>\n\t\t<\/section>\n\t\t\t\t<section class=\"elementor-section elementor-top-section elementor-element elementor-element-aa0efb4 elementor-section-full_width elementor-section-height-default elementor-section-height-default\" data-id=\"aa0efb4\" data-element_type=\"section\" data-e-type=\"section\" data-settings=\"{&quot;background_background&quot;:&quot;classic&quot;}\">\n\t\t\t\t\t\t<div class=\"elementor-container elementor-column-gap-default\">\n\t\t\t\t\t<div class=\"elementor-column elementor-col-100 elementor-top-column elementor-element elementor-element-06f1f81\" data-id=\"06f1f81\" data-element_type=\"column\" data-e-type=\"column\">\n\t\t\t<div class=\"elementor-widget-wrap elementor-element-populated\">\n\t\t\t\t\t\t<div class=\"elementor-element elementor-element-c33f2a7 elementor-widget elementor-widget-heading\" data-id=\"c33f2a7\" data-element_type=\"widget\" data-e-type=\"widget\" data-widget_type=\"heading.default\">\n\t\t\t\t<div class=\"elementor-widget-container\">\n\t\t\t\t\t<h2 class=\"elementor-heading-title elementor-size-default\">100% informacyjny \u2013 podstawowe informacje o BlueLavage<\/h2>\t\t\t\t<\/div>\n\t\t\t\t<\/div>\n\t\t\t\t<div class=\"elementor-element elementor-element-9d0229a elementor-widget elementor-widget-heading\" data-id=\"9d0229a\" data-element_type=\"widget\" data-e-type=\"widget\" data-widget_type=\"heading.default\">\n\t\t\t\t<div class=\"elementor-widget-container\">\n\t\t\t\t\t<h2 class=\"elementor-heading-title elementor-size-default\">Dajemy mo\u017cliwo\u015b\u0107 wypowiedzenia si\u0119 tw\u00f3rcom BlueLavage, naszym entuzjastycznym sprzedawcom, nauce oraz ekspertowi w zakresie utylizacji i ochrony \u015brodowiska.<\/h2>\t\t\t\t<\/div>\n\t\t\t\t<\/div>\n\t\t\t\t<div class=\"elementor-element elementor-element-f5e114d elementor-widget elementor-widget-heading\" data-id=\"f5e114d\" data-element_type=\"widget\" data-e-type=\"widget\" data-widget_type=\"heading.default\">\n\t\t\t\t<div class=\"elementor-widget-container\">\n\t\t\t\t\t<h2 class=\"elementor-heading-title elementor-size-default\">REERENCJE<\/h2>\t\t\t\t<\/div>\n\t\t\t\t<\/div>\n\t\t\t\t<section class=\"elementor-section elementor-inner-section elementor-element elementor-element-ed701b5 elementor-section-boxed elementor-section-height-default elementor-section-height-default\" data-id=\"ed701b5\" data-element_type=\"section\" data-e-type=\"section\">\n\t\t\t\t\t\t<div class=\"elementor-container elementor-column-gap-default\">\n\t\t\t\t\t<div class=\"elementor-column elementor-col-33 elementor-inner-column elementor-element elementor-element-f8dfc06\" data-id=\"f8dfc06\" data-element_type=\"column\" data-e-type=\"column\">\n\t\t\t<div class=\"elementor-widget-wrap elementor-element-populated\">\n\t\t\t\t\t\t<div class=\"elementor-element elementor-element-03b7fc4 elementor-widget elementor-widget-video\" data-id=\"03b7fc4\" data-element_type=\"widget\" data-e-type=\"widget\" data-settings=\"{&quot;youtube_url&quot;:&quot;https:\\\/\\\/youtu.be\\\/XNt-Sxrt5Gk&quot;,&quot;video_type&quot;:&quot;youtube&quot;,&quot;controls&quot;:&quot;yes&quot;}\" data-widget_type=\"video.default\">\n\t\t\t\t<div class=\"elementor-widget-container\">\n\t\t\t\t\t\t\t<div class=\"elementor-wrapper elementor-open-inline\">\n\t\t\t<div class=\"elementor-video\"><\/div>\t\t<\/div>\n\t\t\t\t\t\t<\/div>\n\t\t\t\t<\/div>\n\t\t\t\t\t<\/div>\n\t\t<\/div>\n\t\t\t\t<div class=\"elementor-column elementor-col-33 elementor-inner-column elementor-element elementor-element-1a68ff4\" data-id=\"1a68ff4\" data-element_type=\"column\" data-e-type=\"column\">\n\t\t\t<div class=\"elementor-widget-wrap elementor-element-populated\">\n\t\t\t\t\t\t<div class=\"elementor-element elementor-element-2a01076 elementor-widget elementor-widget-video\" data-id=\"2a01076\" data-element_type=\"widget\" data-e-type=\"widget\" data-settings=\"{&quot;youtube_url&quot;:&quot;https:\\\/\\\/youtu.be\\\/gOD5LXV1PtQ&quot;,&quot;video_type&quot;:&quot;youtube&quot;,&quot;controls&quot;:&quot;yes&quot;}\" data-widget_type=\"video.default\">\n\t\t\t\t<div class=\"elementor-widget-container\">\n\t\t\t\t\t\t\t<div class=\"elementor-wrapper elementor-open-inline\">\n\t\t\t<div class=\"elementor-video\"><\/div>\t\t<\/div>\n\t\t\t\t\t\t<\/div>\n\t\t\t\t<\/div>\n\t\t\t\t\t<\/div>\n\t\t<\/div>\n\t\t\t\t<div class=\"elementor-column elementor-col-33 elementor-inner-column elementor-element elementor-element-5cb2d84\" data-id=\"5cb2d84\" data-element_type=\"column\" data-e-type=\"column\">\n\t\t\t<div class=\"elementor-widget-wrap elementor-element-populated\">\n\t\t\t\t\t\t<div class=\"elementor-element elementor-element-64b9822 elementor-widget elementor-widget-video\" data-id=\"64b9822\" data-element_type=\"widget\" data-e-type=\"widget\" data-settings=\"{&quot;youtube_url&quot;:&quot;https:\\\/\\\/youtu.be\\\/krShgeuLK5w&quot;,&quot;video_type&quot;:&quot;youtube&quot;,&quot;controls&quot;:&quot;yes&quot;}\" data-widget_type=\"video.default\">\n\t\t\t\t<div class=\"elementor-widget-container\">\n\t\t\t\t\t\t\t<div class=\"elementor-wrapper elementor-open-inline\">\n\t\t\t<div class=\"elementor-video\"><\/div>\t\t<\/div>\n\t\t\t\t\t\t<\/div>\n\t\t\t\t<\/div>\n\t\t\t\t\t<\/div>\n\t\t<\/div>\n\t\t\t\t\t<\/div>\n\t\t<\/section>\n\t\t\t\t<section class=\"elementor-section elementor-inner-section elementor-element elementor-element-a8c6ade elementor-section-boxed elementor-section-height-default elementor-section-height-default\" data-id=\"a8c6ade\" data-element_type=\"section\" data-e-type=\"section\">\n\t\t\t\t\t\t<div class=\"elementor-container elementor-column-gap-default\">\n\t\t\t\t\t<div class=\"elementor-column elementor-col-33 elementor-inner-column elementor-element elementor-element-69b5aba\" data-id=\"69b5aba\" data-element_type=\"column\" data-e-type=\"column\">\n\t\t\t<div class=\"elementor-widget-wrap elementor-element-populated\">\n\t\t\t\t\t\t<div class=\"elementor-element elementor-element-d74789d elementor-widget elementor-widget-video\" data-id=\"d74789d\" data-element_type=\"widget\" data-e-type=\"widget\" data-settings=\"{&quot;youtube_url&quot;:&quot;https:\\\/\\\/youtu.be\\\/9LPgJui09R4&quot;,&quot;video_type&quot;:&quot;youtube&quot;,&quot;controls&quot;:&quot;yes&quot;}\" data-widget_type=\"video.default\">\n\t\t\t\t<div class=\"elementor-widget-container\">\n\t\t\t\t\t\t\t<div class=\"elementor-wrapper elementor-open-inline\">\n\t\t\t<div class=\"elementor-video\"><\/div>\t\t<\/div>\n\t\t\t\t\t\t<\/div>\n\t\t\t\t<\/div>\n\t\t\t\t\t<\/div>\n\t\t<\/div>\n\t\t\t\t<div class=\"elementor-column elementor-col-33 elementor-inner-column elementor-element elementor-element-861f148 elementor-hidden-phone\" data-id=\"861f148\" data-element_type=\"column\" data-e-type=\"column\">\n\t\t\t<div class=\"elementor-widget-wrap\">\n\t\t\t\t\t\t\t<\/div>\n\t\t<\/div>\n\t\t\t\t<div class=\"elementor-column elementor-col-33 elementor-inner-column elementor-element elementor-element-8c3c421 elementor-hidden-phone\" data-id=\"8c3c421\" data-element_type=\"column\" data-e-type=\"column\">\n\t\t\t<div class=\"elementor-widget-wrap\">\n\t\t\t\t\t\t\t<\/div>\n\t\t<\/div>\n\t\t\t\t\t<\/div>\n\t\t<\/section>\n\t\t\t\t<div class=\"elementor-element elementor-element-2665bf0 elementor-widget elementor-widget-heading\" data-id=\"2665bf0\" data-element_type=\"widget\" data-e-type=\"widget\" data-widget_type=\"heading.default\">\n\t\t\t\t<div class=\"elementor-widget-container\">\n\t\t\t\t\t<h2 class=\"elementor-heading-title elementor-size-default\">TAK M\u00d3WI\u0104 DEWELOPERZY<\/h2>\t\t\t\t<\/div>\n\t\t\t\t<\/div>\n\t\t\t\t<section class=\"elementor-section elementor-inner-section elementor-element elementor-element-a9b0560 elementor-section-boxed elementor-section-height-default elementor-section-height-default\" data-id=\"a9b0560\" data-element_type=\"section\" data-e-type=\"section\">\n\t\t\t\t\t\t<div class=\"elementor-container elementor-column-gap-default\">\n\t\t\t\t\t<div class=\"elementor-column elementor-col-33 elementor-inner-column elementor-element elementor-element-f5123f9\" data-id=\"f5123f9\" data-element_type=\"column\" data-e-type=\"column\">\n\t\t\t<div class=\"elementor-widget-wrap elementor-element-populated\">\n\t\t\t\t\t\t<div class=\"elementor-element elementor-element-47fff50 elementor-widget elementor-widget-video\" data-id=\"47fff50\" data-element_type=\"widget\" data-e-type=\"widget\" data-settings=\"{&quot;youtube_url&quot;:&quot;https:\\\/\\\/youtu.be\\\/TVTIrQogqZs&quot;,&quot;video_type&quot;:&quot;youtube&quot;,&quot;controls&quot;:&quot;yes&quot;}\" data-widget_type=\"video.default\">\n\t\t\t\t<div class=\"elementor-widget-container\">\n\t\t\t\t\t\t\t<div class=\"elementor-wrapper elementor-open-inline\">\n\t\t\t<div class=\"elementor-video\"><\/div>\t\t<\/div>\n\t\t\t\t\t\t<\/div>\n\t\t\t\t<\/div>\n\t\t\t\t\t<\/div>\n\t\t<\/div>\n\t\t\t\t<div class=\"elementor-column elementor-col-33 elementor-inner-column elementor-element elementor-element-d5367cf\" data-id=\"d5367cf\" data-element_type=\"column\" data-e-type=\"column\">\n\t\t\t<div class=\"elementor-widget-wrap elementor-element-populated\">\n\t\t\t\t\t\t<div class=\"elementor-element elementor-element-0dac05f elementor-widget elementor-widget-video\" data-id=\"0dac05f\" data-element_type=\"widget\" data-e-type=\"widget\" data-settings=\"{&quot;youtube_url&quot;:&quot;https:\\\/\\\/youtu.be\\\/75f6LUEADAo&quot;,&quot;video_type&quot;:&quot;youtube&quot;,&quot;controls&quot;:&quot;yes&quot;}\" data-widget_type=\"video.default\">\n\t\t\t\t<div class=\"elementor-widget-container\">\n\t\t\t\t\t\t\t<div class=\"elementor-wrapper elementor-open-inline\">\n\t\t\t<div class=\"elementor-video\"><\/div>\t\t<\/div>\n\t\t\t\t\t\t<\/div>\n\t\t\t\t<\/div>\n\t\t\t\t\t<\/div>\n\t\t<\/div>\n\t\t\t\t<div class=\"elementor-column elementor-col-33 elementor-inner-column elementor-element elementor-element-b91d3a7\" data-id=\"b91d3a7\" data-element_type=\"column\" data-e-type=\"column\">\n\t\t\t<div class=\"elementor-widget-wrap elementor-element-populated\">\n\t\t\t\t\t\t<div class=\"elementor-element elementor-element-aba8303 elementor-widget elementor-widget-video\" data-id=\"aba8303\" data-element_type=\"widget\" data-e-type=\"widget\" data-settings=\"{&quot;youtube_url&quot;:&quot;https:\\\/\\\/youtu.be\\\/4LOhNBrT5UU&quot;,&quot;video_type&quot;:&quot;youtube&quot;,&quot;controls&quot;:&quot;yes&quot;}\" data-widget_type=\"video.default\">\n\t\t\t\t<div class=\"elementor-widget-container\">\n\t\t\t\t\t\t\t<div class=\"elementor-wrapper elementor-open-inline\">\n\t\t\t<div class=\"elementor-video\"><\/div>\t\t<\/div>\n\t\t\t\t\t\t<\/div>\n\t\t\t\t<\/div>\n\t\t\t\t\t<\/div>\n\t\t<\/div>\n\t\t\t\t\t<\/div>\n\t\t<\/section>\n\t\t\t\t<div class=\"elementor-element elementor-element-0c0de51 elementor-widget elementor-widget-heading\" data-id=\"0c0de51\" data-element_type=\"widget\" data-e-type=\"widget\" data-widget_type=\"heading.default\">\n\t\t\t\t<div class=\"elementor-widget-container\">\n\t\t\t\t\t<h2 class=\"elementor-heading-title elementor-size-default\">WYDARZENIA I KAMIENIE MILOWE<\/h2>\t\t\t\t<\/div>\n\t\t\t\t<\/div>\n\t\t\t\t<section class=\"elementor-section elementor-inner-section elementor-element elementor-element-47c915f elementor-section-boxed elementor-section-height-default elementor-section-height-default\" data-id=\"47c915f\" data-element_type=\"section\" data-e-type=\"section\">\n\t\t\t\t\t\t<div class=\"elementor-container elementor-column-gap-default\">\n\t\t\t\t\t<div class=\"elementor-column elementor-col-33 elementor-inner-column elementor-element elementor-element-a463f97\" data-id=\"a463f97\" data-element_type=\"column\" data-e-type=\"column\">\n\t\t\t<div class=\"elementor-widget-wrap elementor-element-populated\">\n\t\t\t\t\t\t<div class=\"elementor-element elementor-element-5d0c0b9 elementor-widget elementor-widget-video\" data-id=\"5d0c0b9\" data-element_type=\"widget\" data-e-type=\"widget\" data-settings=\"{&quot;youtube_url&quot;:&quot;https:\\\/\\\/youtu.be\\\/qBukG4aVB14&quot;,&quot;video_type&quot;:&quot;youtube&quot;,&quot;controls&quot;:&quot;yes&quot;}\" data-widget_type=\"video.default\">\n\t\t\t\t<div class=\"elementor-widget-container\">\n\t\t\t\t\t\t\t<div class=\"elementor-wrapper elementor-open-inline\">\n\t\t\t<div class=\"elementor-video\"><\/div>\t\t<\/div>\n\t\t\t\t\t\t<\/div>\n\t\t\t\t<\/div>\n\t\t\t\t\t<\/div>\n\t\t<\/div>\n\t\t\t\t<div class=\"elementor-column elementor-col-33 elementor-inner-column elementor-element elementor-element-7a9d564\" data-id=\"7a9d564\" data-element_type=\"column\" data-e-type=\"column\">\n\t\t\t<div class=\"elementor-widget-wrap elementor-element-populated\">\n\t\t\t\t\t\t<div class=\"elementor-element elementor-element-f2baa29 elementor-widget elementor-widget-video\" data-id=\"f2baa29\" data-element_type=\"widget\" data-e-type=\"widget\" data-settings=\"{&quot;youtube_url&quot;:&quot;https:\\\/\\\/youtu.be\\\/5iTfq-BFNnc&quot;,&quot;video_type&quot;:&quot;youtube&quot;,&quot;controls&quot;:&quot;yes&quot;}\" data-widget_type=\"video.default\">\n\t\t\t\t<div class=\"elementor-widget-container\">\n\t\t\t\t\t\t\t<div class=\"elementor-wrapper elementor-open-inline\">\n\t\t\t<div class=\"elementor-video\"><\/div>\t\t<\/div>\n\t\t\t\t\t\t<\/div>\n\t\t\t\t<\/div>\n\t\t\t\t\t<\/div>\n\t\t<\/div>\n\t\t\t\t<div class=\"elementor-column elementor-col-33 elementor-inner-column elementor-element elementor-element-9b9dad7\" data-id=\"9b9dad7\" data-element_type=\"column\" data-e-type=\"column\">\n\t\t\t<div class=\"elementor-widget-wrap elementor-element-populated\">\n\t\t\t\t\t\t<div class=\"elementor-element elementor-element-6d1f0a5 elementor-widget elementor-widget-video\" data-id=\"6d1f0a5\" data-element_type=\"widget\" data-e-type=\"widget\" data-settings=\"{&quot;youtube_url&quot;:&quot;https:\\\/\\\/youtu.be\\\/cgQWJviBakg&quot;,&quot;video_type&quot;:&quot;youtube&quot;,&quot;controls&quot;:&quot;yes&quot;}\" data-widget_type=\"video.default\">\n\t\t\t\t<div class=\"elementor-widget-container\">\n\t\t\t\t\t\t\t<div class=\"elementor-wrapper elementor-open-inline\">\n\t\t\t<div class=\"elementor-video\"><\/div>\t\t<\/div>\n\t\t\t\t\t\t<\/div>\n\t\t\t\t<\/div>\n\t\t\t\t\t<\/div>\n\t\t<\/div>\n\t\t\t\t\t<\/div>\n\t\t<\/section>\n\t\t\t\t<section class=\"elementor-section elementor-inner-section elementor-element elementor-element-fc9a243 elementor-section-boxed elementor-section-height-default elementor-section-height-default\" data-id=\"fc9a243\" data-element_type=\"section\" data-e-type=\"section\">\n\t\t\t\t\t\t<div class=\"elementor-container elementor-column-gap-default\">\n\t\t\t\t\t<div class=\"elementor-column elementor-col-33 elementor-inner-column elementor-element elementor-element-ae877a2\" data-id=\"ae877a2\" data-element_type=\"column\" data-e-type=\"column\">\n\t\t\t<div class=\"elementor-widget-wrap elementor-element-populated\">\n\t\t\t\t\t\t<div class=\"elementor-element elementor-element-b74f532 elementor-widget elementor-widget-video\" data-id=\"b74f532\" data-element_type=\"widget\" data-e-type=\"widget\" data-settings=\"{&quot;youtube_url&quot;:&quot;https:\\\/\\\/youtu.be\\\/SFpssI4-sVk&quot;,&quot;video_type&quot;:&quot;youtube&quot;,&quot;controls&quot;:&quot;yes&quot;}\" data-widget_type=\"video.default\">\n\t\t\t\t<div class=\"elementor-widget-container\">\n\t\t\t\t\t\t\t<div class=\"elementor-wrapper elementor-open-inline\">\n\t\t\t<div class=\"elementor-video\"><\/div>\t\t<\/div>\n\t\t\t\t\t\t<\/div>\n\t\t\t\t<\/div>\n\t\t\t\t\t<\/div>\n\t\t<\/div>\n\t\t\t\t<div class=\"elementor-column elementor-col-33 elementor-inner-column elementor-element elementor-element-f77c1ba elementor-hidden-phone\" data-id=\"f77c1ba\" data-element_type=\"column\" data-e-type=\"column\">\n\t\t\t<div class=\"elementor-widget-wrap\">\n\t\t\t\t\t\t\t<\/div>\n\t\t<\/div>\n\t\t\t\t<div class=\"elementor-column elementor-col-33 elementor-inner-column elementor-element elementor-element-8439d9f elementor-hidden-phone\" data-id=\"8439d9f\" data-element_type=\"column\" data-e-type=\"column\">\n\t\t\t<div class=\"elementor-widget-wrap\">\n\t\t\t\t\t\t\t<\/div>\n\t\t<\/div>\n\t\t\t\t\t<\/div>\n\t\t<\/section>\n\t\t\t\t\t<\/div>\n\t\t<\/div>\n\t\t\t\t\t<\/div>\n\t\t<\/section>\n\t\t\t\t<\/div>","protected":false},"excerpt":{"rendered":"<p>REFERENCJE 100% informacyjny \u2013 podstawowe informacje o BlueLavage Dajemy mo\u017cliwo\u015b\u0107 wypowiedzenia si\u0119 tw\u00f3rcom BlueLavage, naszym entuzjastycznym sprzedawcom, nauce oraz ekspertowi w zakresie utylizacji i ochrony \u015brodowiska. RECENZJE https:\/\/youtu.be\/XNt-Sxrt5Gkhttps:\/\/youtu.be\/gOD5LXV1PtQhttps:\/\/youtu.be\/krShgeuLK5whttps:\/\/youtu.be\/9LPgJui09R4 TAK M\u00d3WI\u0104 TW\u00d3RCY https:\/\/youtu.be\/ TVTIrQogqZshttps: \/\/youtu.be\/75f6LUEADAohttps:\/\/youtu.be\/4LOhNBrT5UU WYDARZENIA I KAMIENIE MILOWE https:\/\/youtu.be\/qBukG4aVB14https:\/\/youtu.be\/5iTfq-BFNnchttps:\/\/youtu.be\/cgQWJviBakghttps:\/\/ youtu.be\/SFpssI4-sVk<\/p>","protected":false},"author":3,"featured_media":0,"parent":0,"menu_order":0,"comment_status":"closed","ping_status":"closed","template":"elementor_header_footer","meta":{"footnotes":""},"class_list":["post-2755","page","type-page","status-publish","hentry"],"yoast_head":"<!-- This site is optimized with the Yoast SEO plugin v26.7 - https:\/\/yoast.com\/wordpress\/plugins\/seo\/ -->\n<title>REFERENZEN - Bluelavage<\/title>\n<meta name=\"robots\" content=\"index, follow, max-snippet:-1, max-image-preview:large, max-video-preview:-1\" \/>\n<link rel=\"canonical\" href=\"https:\/\/bluelavage.com\/pl\/referenzen-neu\/\" \/>\n<meta property=\"og:locale\" content=\"pl_PL\" \/>\n<meta property=\"og:type\" content=\"article\" \/>\n<meta property=\"og:title\" content=\"REFERENZEN - Bluelavage\" \/>\n<meta property=\"og:description\" content=\"REFERENZEN 100% informativ &#8211; Hintergrundinformationen zur BlueLavage Wir lassen die Entwickler der BlueLavage zu Wort kommen, ebenso unsere begeisterten Vertriebler, die Wissenschaft und einen Experten f\u00fcr Entsorgung und Umweltschutz. REERENZEN https:\/\/youtu.be\/XNt-Sxrt5Gkhttps:\/\/youtu.be\/gOD5LXV1PtQhttps:\/\/youtu.be\/krShgeuLK5whttps:\/\/youtu.be\/9LPgJui09R4 DAS SAGEN DIE ENTWICKLER https:\/\/youtu.be\/TVTIrQogqZshttps:\/\/youtu.be\/75f6LUEADAohttps:\/\/youtu.be\/4LOhNBrT5UU EVENTS &#038; MILESTONES https:\/\/youtu.be\/qBukG4aVB14https:\/\/youtu.be\/5iTfq-BFNnchttps:\/\/youtu.be\/cgQWJviBakghttps:\/\/youtu.be\/SFpssI4-sVk\" \/>\n<meta property=\"og:url\" content=\"https:\/\/bluelavage.com\/pl\/referenzen-neu\/\" \/>\n<meta property=\"og:site_name\" content=\"Bluelavage\" \/>\n<meta property=\"article:modified_time\" content=\"2021-02-17T21:26:31+00:00\" \/>\n<meta name=\"twitter:card\" content=\"summary_large_image\" \/>\n<script type=\"application\/ld+json\" class=\"yoast-schema-graph\">{\"@context\":\"https:\/\/schema.org\",\"@graph\":[{\"@type\":\"WebPage\",\"@id\":\"https:\/\/bluelavage.com\/referenzen-neu\/\",\"url\":\"https:\/\/bluelavage.com\/referenzen-neu\/\",\"name\":\"REFERENZEN - Bluelavage\",\"isPartOf\":{\"@id\":\"https:\/\/bluelavage.com\/#website\"},\"datePublished\":\"2021-02-17T16:25:27+00:00\",\"dateModified\":\"2021-02-17T21:26:31+00:00\",\"breadcrumb\":{\"@id\":\"https:\/\/bluelavage.com\/referenzen-neu\/#breadcrumb\"},\"inLanguage\":\"pl-PL\",\"potentialAction\":[{\"@type\":\"ReadAction\",\"target\":[\"https:\/\/bluelavage.com\/referenzen-neu\/\"]}]},{\"@type\":\"BreadcrumbList\",\"@id\":\"https:\/\/bluelavage.com\/referenzen-neu\/#breadcrumb\",\"itemListElement\":[{\"@type\":\"ListItem\",\"position\":1,\"name\":\"[:de]Startseite[:]\",\"item\":\"https:\/\/bluelavage.com\/\"},{\"@type\":\"ListItem\",\"position\":2,\"name\":\"REFERENZEN\"}]},{\"@type\":\"WebSite\",\"@id\":\"https:\/\/bluelavage.com\/#website\",\"url\":\"https:\/\/bluelavage.com\/\",\"name\":\"Bluelavage\",\"description\":\"Pulse Lavage neu gedacht!\",\"potentialAction\":[{\"@type\":\"SearchAction\",\"target\":{\"@type\":\"EntryPoint\",\"urlTemplate\":\"https:\/\/bluelavage.com\/?s={search_term_string}\"},\"query-input\":{\"@type\":\"PropertyValueSpecification\",\"valueRequired\":true,\"valueName\":\"search_term_string\"}}],\"inLanguage\":\"pl-PL\"}]}<\/script>\n<!-- \/ Yoast SEO plugin. -->","yoast_head_json":{"title":"REFERENCJE - Bluelavage","robots":{"index":"index","follow":"follow","max-snippet":"max-snippet:-1","max-image-preview":"max-image-preview:large","max-video-preview":"max-video-preview:-1"},"canonical":"https:\/\/bluelavage.com\/pl\/referenzen-neu\/","og_locale":"pl_PL","og_type":"article","og_title":"REFERENZEN - Bluelavage","og_description":"REFERENZEN 100% informativ &#8211; Hintergrundinformationen zur BlueLavage Wir lassen die Entwickler der BlueLavage zu Wort kommen, ebenso unsere begeisterten Vertriebler, die Wissenschaft und einen Experten f\u00fcr Entsorgung und Umweltschutz. REERENZEN https:\/\/youtu.be\/XNt-Sxrt5Gkhttps:\/\/youtu.be\/gOD5LXV1PtQhttps:\/\/youtu.be\/krShgeuLK5whttps:\/\/youtu.be\/9LPgJui09R4 DAS SAGEN DIE ENTWICKLER https:\/\/youtu.be\/TVTIrQogqZshttps:\/\/youtu.be\/75f6LUEADAohttps:\/\/youtu.be\/4LOhNBrT5UU EVENTS &#038; MILESTONES https:\/\/youtu.be\/qBukG4aVB14https:\/\/youtu.be\/5iTfq-BFNnchttps:\/\/youtu.be\/cgQWJviBakghttps:\/\/youtu.be\/SFpssI4-sVk","og_url":"https:\/\/bluelavage.com\/pl\/referenzen-neu\/","og_site_name":"Bluelavage","article_modified_time":"2021-02-17T21:26:31+00:00","twitter_card":"summary_large_image","schema":{"@context":"https:\/\/schema.org","@graph":[{"@type":"WebPage","@id":"https:\/\/bluelavage.com\/referenzen-neu\/","url":"https:\/\/bluelavage.com\/referenzen-neu\/","name":"REFERENCJE - Bluelavage","isPartOf":{"@id":"https:\/\/bluelavage.com\/#website"},"datePublished":"2021-02-17T16:25:27+00:00","dateModified":"2021-02-17T21:26:31+00:00","breadcrumb":{"@id":"https:\/\/bluelavage.com\/referenzen-neu\/#breadcrumb"},"inLanguage":"pl-PL","potentialAction":[{"@type":"ReadAction","target":["https:\/\/bluelavage.com\/referenzen-neu\/"]}]},{"@type":"BreadcrumbList","@id":"https:\/\/bluelavage.com\/referenzen-neu\/#breadcrumb","itemListElement":[{"@type":"ListItem","position":1,"name":"[:de]Startseite[:]","item":"https:\/\/bluelavage.com\/"},{"@type":"ListItem","position":2,"name":"REFERENZEN"}]},{"@type":"WebSite","@id":"https:\/\/bluelavage.com\/#website","url":"https:\/\/bluelavage.com\/","name":"Bluelaw","description":"Przemy\u015blane p\u0142ukanie pulsacyjne!","potentialAction":[{"@type":"SearchAction","target":{"@type":"EntryPoint","urlTemplate":"https:\/\/bluelavage.com\/?s={search_term_string}"},"query-input":{"@type":"PropertyValueSpecification","valueRequired":true,"valueName":"search_term_string"}}],"inLanguage":"pl-PL"}]}},"jetpack_sharing_enabled":true,"_links":{"self":[{"href":"https:\/\/bluelavage.com\/pl\/wp-json\/wp\/v2\/pages\/2755","targetHints":{"allow":["GET"]}}],"collection":[{"href":"https:\/\/bluelavage.com\/pl\/wp-json\/wp\/v2\/pages"}],"about":[{"href":"https:\/\/bluelavage.com\/pl\/wp-json\/wp\/v2\/types\/page"}],"author":[{"embeddable":true,"href":"https:\/\/bluelavage.com\/pl\/wp-json\/wp\/v2\/users\/3"}],"replies":[{"embeddable":true,"href":"https:\/\/bluelavage.com\/pl\/wp-json\/wp\/v2\/comments?post=2755"}],"version-history":[{"count":1,"href":"https:\/\/bluelavage.com\/pl\/wp-json\/wp\/v2\/pages\/2755\/revisions"}],"predecessor-version":[{"id":3833,"href":"https:\/\/bluelavage.com\/pl\/wp-json\/wp\/v2\/pages\/2755\/revisions\/3833"}],"wp:attachment":[{"href":"https:\/\/bluelavage.com\/pl\/wp-json\/wp\/v2\/media?parent=2755"}],"curies":[{"name":"wp","href":"https:\/\/api.w.org\/{rel}","templated":true}]}}