{"id":2760,"date":"2021-02-17T17:38:54","date_gmt":"2021-02-17T16:38:54","guid":{"rendered":"https:\/\/bluelavage.com\/?page_id=2760"},"modified":"2024-10-18T12:19:30","modified_gmt":"2024-10-18T10:19:30","slug":"blog-neu","status":"publish","type":"page","link":"https:\/\/bluelavage.com\/pl\/blog-neu\/","title":{"rendered":"AKTUALNO\u015aCI"},"content":{"rendered":"<div data-elementor-type=\"wp-page\" data-elementor-id=\"2760\" class=\"elementor elementor-2760\" data-elementor-post-type=\"page\">\n\t\t\t\t\t\t<section class=\"elementor-section elementor-top-section elementor-element elementor-element-4c50ac5 elementor-section-height-min-height elementor-section-boxed elementor-section-height-default elementor-section-items-middle\" data-id=\"4c50ac5\" data-element_type=\"section\" data-e-type=\"section\" data-settings=\"{&quot;background_background&quot;:&quot;classic&quot;}\">\n\t\t\t\t\t\t<div class=\"elementor-container elementor-column-gap-default\">\n\t\t\t\t\t<div class=\"elementor-column elementor-col-100 elementor-top-column elementor-element elementor-element-a67aefb\" data-id=\"a67aefb\" data-element_type=\"column\" data-e-type=\"column\">\n\t\t\t<div class=\"elementor-widget-wrap elementor-element-populated\">\n\t\t\t\t\t\t<div class=\"elementor-element elementor-element-8cceff8 elementor-widget elementor-widget-heading\" data-id=\"8cceff8\" data-element_type=\"widget\" data-e-type=\"widget\" data-widget_type=\"heading.default\">\n\t\t\t\t<div class=\"elementor-widget-container\">\n\t\t\t\t\t<h2 class=\"elementor-heading-title elementor-size-default\">Aktualno\u015bci<\/h2>\t\t\t\t<\/div>\n\t\t\t\t<\/div>\n\t\t\t\t<div class=\"elementor-element elementor-element-bfdd70a elementor-widget elementor-widget-heading\" data-id=\"bfdd70a\" data-element_type=\"widget\" data-e-type=\"widget\" data-widget_type=\"heading.default\">\n\t\t\t\t<div class=\"elementor-widget-container\">\n\t\t\t\t\t<h2 class=\"elementor-heading-title elementor-size-default\">Zawsze aktualne<\/h2>\t\t\t\t<\/div>\n\t\t\t\t<\/div>\n\t\t\t\t\t<\/div>\n\t\t<\/div>\n\t\t\t\t\t<\/div>\n\t\t<\/section>\n\t\t\t\t<section class=\"elementor-section elementor-top-section elementor-element elementor-element-f4465e6 elementor-section-boxed elementor-section-height-default elementor-section-height-default\" data-id=\"f4465e6\" data-element_type=\"section\" data-e-type=\"section\">\n\t\t\t\t\t\t<div class=\"elementor-container elementor-column-gap-default\">\n\t\t\t\t\t<div class=\"elementor-column elementor-col-100 elementor-top-column elementor-element elementor-element-3477ca6\" data-id=\"3477ca6\" data-element_type=\"column\" data-e-type=\"column\">\n\t\t\t<div class=\"elementor-widget-wrap elementor-element-populated\">\n\t\t\t\t\t\t<div class=\"elementor-element elementor-element-f1a4f19 elementor-grid-3 elementor-grid-tablet-2 elementor-grid-mobile-1 elementor-posts--thumbnail-top elementor-card-shadow-yes elementor-posts__hover-gradient elementor-widget elementor-widget-posts\" data-id=\"f1a4f19\" data-element_type=\"widget\" data-e-type=\"widget\" data-settings=\"{&quot;cards_columns&quot;:&quot;3&quot;,&quot;cards_columns_tablet&quot;:&quot;2&quot;,&quot;cards_columns_mobile&quot;:&quot;1&quot;,&quot;cards_row_gap&quot;:{&quot;unit&quot;:&quot;px&quot;,&quot;size&quot;:35,&quot;sizes&quot;:[]},&quot;cards_row_gap_laptop&quot;:{&quot;unit&quot;:&quot;px&quot;,&quot;size&quot;:&quot;&quot;,&quot;sizes&quot;:[]},&quot;cards_row_gap_tablet&quot;:{&quot;unit&quot;:&quot;px&quot;,&quot;size&quot;:&quot;&quot;,&quot;sizes&quot;:[]},&quot;cards_row_gap_mobile&quot;:{&quot;unit&quot;:&quot;px&quot;,&quot;size&quot;:&quot;&quot;,&quot;sizes&quot;:[]}}\" data-widget_type=\"posts.cards\">\n\t\t\t\t<div class=\"elementor-widget-container\">\n\t\t\t\t\t\t\t<div class=\"elementor-posts-container elementor-posts elementor-posts--skin-cards elementor-grid\" role=\"list\">\n\t\t\t\t<article class=\"elementor-post elementor-grid-item post-3673 post type-post status-publish format-standard has-post-thumbnail hentry category-allgemein\" role=\"listitem\">\n\t\t\t<div class=\"elementor-post__card\">\n\t\t\t\t<a class=\"elementor-post__thumbnail__link\" href=\"https:\/\/bluelavage.com\/pl\/2024\/10\/18\/die-bluelavage-in-der-tagesschau\/\" tabindex=\"-1\" ><div class=\"elementor-post__thumbnail\"><img fetchpriority=\"high\" decoding=\"async\" width=\"1125\" height=\"1120\" src=\"https:\/\/bluelavage.com\/wp-content\/uploads\/2024\/10\/Beitrag-3.jpeg\" class=\"attachment-full size-full wp-image-3674\" alt=\"\" srcset=\"https:\/\/bluelavage.com\/wp-content\/uploads\/2024\/10\/Beitrag-3.jpeg 1125w, https:\/\/bluelavage.com\/wp-content\/uploads\/2024\/10\/Beitrag-3-300x300.jpeg 300w, https:\/\/bluelavage.com\/wp-content\/uploads\/2024\/10\/Beitrag-3-1024x1019.jpeg 1024w, https:\/\/bluelavage.com\/wp-content\/uploads\/2024\/10\/Beitrag-3-150x150.jpeg 150w, https:\/\/bluelavage.com\/wp-content\/uploads\/2024\/10\/Beitrag-3-768x765.jpeg 768w, https:\/\/bluelavage.com\/wp-content\/uploads\/2024\/10\/Beitrag-3-12x12.jpeg 12w\" sizes=\"(max-width: 1125px) 100vw, 1125px\" \/><\/div><\/a>\n\t\t\t\t<div class=\"elementor-post__text\">\n\t\t\t\t<h3 class=\"elementor-post__title\">\n\t\t\t<a href=\"https:\/\/bluelavage.com\/pl\/2024\/10\/18\/die-bluelavage-in-der-tagesschau\/\" >\n\t\t\t\tBlueLavage\u00ae w Tagesschau\t\t\t<\/a>\n\t\t<\/h3>\n\t\t\n\t\t<a class=\"elementor-post__read-more\" href=\"https:\/\/bluelavage.com\/pl\/2024\/10\/18\/die-bluelavage-in-der-tagesschau\/\" aria-label=\"Przeczytaj wi\u0119cej o The BlueLavage\u00ae w Tagesschau\" tabindex=\"-1\" >\n\t\t\tCzytaj wi\u0119cej \u00bb\t\t<\/a>\n\n\t\t\t\t<\/div>\n\t\t\t\t\t<\/div>\n\t\t<\/article>\n\t\t\t\t<article class=\"elementor-post elementor-grid-item post-3667 post type-post status-publish format-standard has-post-thumbnail hentry category-allgemein\" role=\"listitem\">\n\t\t\t<div class=\"elementor-post__card\">\n\t\t\t\t<a class=\"elementor-post__thumbnail__link\" href=\"https:\/\/bluelavage.com\/pl\/2024\/10\/18\/ein-wochenende-teamgeist-und-nachhaltigkeit\/\" tabindex=\"-1\" ><div class=\"elementor-post__thumbnail\"><img decoding=\"async\" width=\"1125\" height=\"1126\" src=\"https:\/\/bluelavage.com\/wp-content\/uploads\/2024\/10\/Beitrag-2.jpeg\" class=\"attachment-full size-full wp-image-3668\" alt=\"\" srcset=\"https:\/\/bluelavage.com\/wp-content\/uploads\/2024\/10\/Beitrag-2.jpeg 1125w, https:\/\/bluelavage.com\/wp-content\/uploads\/2024\/10\/Beitrag-2-300x300.jpeg 300w, https:\/\/bluelavage.com\/wp-content\/uploads\/2024\/10\/Beitrag-2-1024x1024.jpeg 1024w, https:\/\/bluelavage.com\/wp-content\/uploads\/2024\/10\/Beitrag-2-150x150.jpeg 150w, https:\/\/bluelavage.com\/wp-content\/uploads\/2024\/10\/Beitrag-2-768x769.jpeg 768w, https:\/\/bluelavage.com\/wp-content\/uploads\/2024\/10\/Beitrag-2-12x12.jpeg 12w\" sizes=\"(max-width: 1125px) 100vw, 1125px\" \/><\/div><\/a>\n\t\t\t\t<div class=\"elementor-post__text\">\n\t\t\t\t<h3 class=\"elementor-post__title\">\n\t\t\t<a href=\"https:\/\/bluelavage.com\/pl\/2024\/10\/18\/ein-wochenende-teamgeist-und-nachhaltigkeit\/\" >\n\t\t\t\tWeekend ducha zespo\u0142owego i zr\u00f3wnowa\u017conego rozwoju\t\t\t<\/a>\n\t\t<\/h3>\n\t\t\n\t\t<a class=\"elementor-post__read-more\" href=\"https:\/\/bluelavage.com\/pl\/2024\/10\/18\/ein-wochenende-teamgeist-und-nachhaltigkeit\/\" aria-label=\"Przeczytaj wi\u0119cej o Weekend ducha zespo\u0142owego i zr\u00f3wnowa\u017conego rozwoju\" tabindex=\"-1\" >\n\t\t\tCzytaj wi\u0119cej \u00bb\t\t<\/a>\n\n\t\t\t\t<\/div>\n\t\t\t\t\t<\/div>\n\t\t<\/article>\n\t\t\t\t<article class=\"elementor-post elementor-grid-item post-3653 post type-post status-publish format-standard has-post-thumbnail hentry category-allgemein\" role=\"listitem\">\n\t\t\t<div class=\"elementor-post__card\">\n\t\t\t\t<a class=\"elementor-post__thumbnail__link\" href=\"https:\/\/bluelavage.com\/pl\/2024\/10\/18\/jahresbilanz\/\" tabindex=\"-1\" ><div class=\"elementor-post__thumbnail\"><img decoding=\"async\" width=\"1125\" height=\"1126\" src=\"https:\/\/bluelavage.com\/wp-content\/uploads\/2024\/10\/Beitrag-1.jpeg\" class=\"attachment-full size-full wp-image-3654\" alt=\"\" srcset=\"https:\/\/bluelavage.com\/wp-content\/uploads\/2024\/10\/Beitrag-1.jpeg 1125w, https:\/\/bluelavage.com\/wp-content\/uploads\/2024\/10\/Beitrag-1-300x300.jpeg 300w, https:\/\/bluelavage.com\/wp-content\/uploads\/2024\/10\/Beitrag-1-1024x1024.jpeg 1024w, https:\/\/bluelavage.com\/wp-content\/uploads\/2024\/10\/Beitrag-1-150x150.jpeg 150w, https:\/\/bluelavage.com\/wp-content\/uploads\/2024\/10\/Beitrag-1-768x769.jpeg 768w, https:\/\/bluelavage.com\/wp-content\/uploads\/2024\/10\/Beitrag-1-12x12.jpeg 12w\" sizes=\"(max-width: 1125px) 100vw, 1125px\" \/><\/div><\/a>\n\t\t\t\t<div class=\"elementor-post__text\">\n\t\t\t\t<h3 class=\"elementor-post__title\">\n\t\t\t<a href=\"https:\/\/bluelavage.com\/pl\/2024\/10\/18\/jahresbilanz\/\" >\n\t\t\t\tBilans roczny\t\t\t<\/a>\n\t\t<\/h3>\n\t\t\n\t\t<a class=\"elementor-post__read-more\" href=\"https:\/\/bluelavage.com\/pl\/2024\/10\/18\/jahresbilanz\/\" aria-label=\"Przeczytaj wi\u0119cej o bilansie rocznym\" tabindex=\"-1\" >\n\t\t\tCzytaj wi\u0119cej \u00bb\t\t<\/a>\n\n\t\t\t\t<\/div>\n\t\t\t\t\t<\/div>\n\t\t<\/article>\n\t\t\t\t<\/div>\n\t\t\n\t\t\t\t\t\t<\/div>\n\t\t\t\t<\/div>\n\t\t\t\t\t<\/div>\n\t\t<\/div>\n\t\t\t\t\t<\/div>\n\t\t<\/section>\n\t\t\t\t<\/div>","protected":false},"excerpt":{"rendered":"<p>Aktualno\u015bci Zawsze na bie\u017c\u0105co<\/p>","protected":false},"author":3,"featured_media":0,"parent":0,"menu_order":0,"comment_status":"closed","ping_status":"closed","template":"elementor_header_footer","meta":{"footnotes":""},"class_list":["post-2760","page","type-page","status-publish","hentry"],"yoast_head":"<!-- This site is optimized with the Yoast SEO plugin v26.7 - https:\/\/yoast.com\/wordpress\/plugins\/seo\/ -->\n<title>NEWS - Bluelavage<\/title>\n<meta name=\"robots\" content=\"index, follow, max-snippet:-1, max-image-preview:large, max-video-preview:-1\" \/>\n<link rel=\"canonical\" href=\"https:\/\/bluelavage.com\/pl\/blog-neu\/\" \/>\n<meta property=\"og:locale\" content=\"pl_PL\" \/>\n<meta property=\"og:type\" content=\"article\" \/>\n<meta property=\"og:title\" content=\"NEWS - Bluelavage\" \/>\n<meta property=\"og:description\" content=\"News Immer auf dem neuesten Stand\" \/>\n<meta property=\"og:url\" content=\"https:\/\/bluelavage.com\/pl\/blog-neu\/\" \/>\n<meta property=\"og:site_name\" content=\"Bluelavage\" \/>\n<meta property=\"article:modified_time\" content=\"2024-10-18T10:19:30+00:00\" \/>\n<meta name=\"twitter:card\" content=\"summary_large_image\" \/>\n<meta name=\"twitter:label1\" content=\"Szacowany czas czytania\" \/>\n\t<meta name=\"twitter:data1\" content=\"1 minuta\" \/>\n<script type=\"application\/ld+json\" class=\"yoast-schema-graph\">{\"@context\":\"https:\/\/schema.org\",\"@graph\":[{\"@type\":\"WebPage\",\"@id\":\"https:\/\/bluelavage.com\/blog-neu\/\",\"url\":\"https:\/\/bluelavage.com\/blog-neu\/\",\"name\":\"NEWS - Bluelavage\",\"isPartOf\":{\"@id\":\"https:\/\/bluelavage.com\/#website\"},\"datePublished\":\"2021-02-17T16:38:54+00:00\",\"dateModified\":\"2024-10-18T10:19:30+00:00\",\"breadcrumb\":{\"@id\":\"https:\/\/bluelavage.com\/blog-neu\/#breadcrumb\"},\"inLanguage\":\"pl-PL\",\"potentialAction\":[{\"@type\":\"ReadAction\",\"target\":[\"https:\/\/bluelavage.com\/blog-neu\/\"]}]},{\"@type\":\"BreadcrumbList\",\"@id\":\"https:\/\/bluelavage.com\/blog-neu\/#breadcrumb\",\"itemListElement\":[{\"@type\":\"ListItem\",\"position\":1,\"name\":\"[:de]Startseite[:]\",\"item\":\"https:\/\/bluelavage.com\/\"},{\"@type\":\"ListItem\",\"position\":2,\"name\":\"NEWS\"}]},{\"@type\":\"WebSite\",\"@id\":\"https:\/\/bluelavage.com\/#website\",\"url\":\"https:\/\/bluelavage.com\/\",\"name\":\"Bluelavage\",\"description\":\"Pulse Lavage neu gedacht!\",\"potentialAction\":[{\"@type\":\"SearchAction\",\"target\":{\"@type\":\"EntryPoint\",\"urlTemplate\":\"https:\/\/bluelavage.com\/?s={search_term_string}\"},\"query-input\":{\"@type\":\"PropertyValueSpecification\",\"valueRequired\":true,\"valueName\":\"search_term_string\"}}],\"inLanguage\":\"pl-PL\"}]}<\/script>\n<!-- \/ Yoast SEO plugin. -->","yoast_head_json":{"title":"NOWO\u015aCI - Bluelavage","robots":{"index":"index","follow":"follow","max-snippet":"max-snippet:-1","max-image-preview":"max-image-preview:large","max-video-preview":"max-video-preview:-1"},"canonical":"https:\/\/bluelavage.com\/pl\/blog-neu\/","og_locale":"pl_PL","og_type":"article","og_title":"NEWS - Bluelavage","og_description":"News Immer auf dem neuesten Stand","og_url":"https:\/\/bluelavage.com\/pl\/blog-neu\/","og_site_name":"Bluelavage","article_modified_time":"2024-10-18T10:19:30+00:00","twitter_card":"summary_large_image","twitter_misc":{"Szacowany czas czytania":"1 minuta"},"schema":{"@context":"https:\/\/schema.org","@graph":[{"@type":"WebPage","@id":"https:\/\/bluelavage.com\/blog-neu\/","url":"https:\/\/bluelavage.com\/blog-neu\/","name":"NOWO\u015aCI - Bluelavage","isPartOf":{"@id":"https:\/\/bluelavage.com\/#website"},"datePublished":"2021-02-17T16:38:54+00:00","dateModified":"2024-10-18T10:19:30+00:00","breadcrumb":{"@id":"https:\/\/bluelavage.com\/blog-neu\/#breadcrumb"},"inLanguage":"pl-PL","potentialAction":[{"@type":"ReadAction","target":["https:\/\/bluelavage.com\/blog-neu\/"]}]},{"@type":"BreadcrumbList","@id":"https:\/\/bluelavage.com\/blog-neu\/#breadcrumb","itemListElement":[{"@type":"ListItem","position":1,"name":"[:de]Startseite[:]","item":"https:\/\/bluelavage.com\/"},{"@type":"ListItem","position":2,"name":"NEWS"}]},{"@type":"WebSite","@id":"https:\/\/bluelavage.com\/#website","url":"https:\/\/bluelavage.com\/","name":"Bluelaw","description":"Przemy\u015blane p\u0142ukanie pulsacyjne!","potentialAction":[{"@type":"SearchAction","target":{"@type":"EntryPoint","urlTemplate":"https:\/\/bluelavage.com\/?s={search_term_string}"},"query-input":{"@type":"PropertyValueSpecification","valueRequired":true,"valueName":"search_term_string"}}],"inLanguage":"pl-PL"}]}},"jetpack_sharing_enabled":true,"_links":{"self":[{"href":"https:\/\/bluelavage.com\/pl\/wp-json\/wp\/v2\/pages\/2760","targetHints":{"allow":["GET"]}}],"collection":[{"href":"https:\/\/bluelavage.com\/pl\/wp-json\/wp\/v2\/pages"}],"about":[{"href":"https:\/\/bluelavage.com\/pl\/wp-json\/wp\/v2\/types\/page"}],"author":[{"embeddable":true,"href":"https:\/\/bluelavage.com\/pl\/wp-json\/wp\/v2\/users\/3"}],"replies":[{"embeddable":true,"href":"https:\/\/bluelavage.com\/pl\/wp-json\/wp\/v2\/comments?post=2760"}],"version-history":[{"count":40,"href":"https:\/\/bluelavage.com\/pl\/wp-json\/wp\/v2\/pages\/2760\/revisions"}],"predecessor-version":[{"id":3681,"href":"https:\/\/bluelavage.com\/pl\/wp-json\/wp\/v2\/pages\/2760\/revisions\/3681"}],"wp:attachment":[{"href":"https:\/\/bluelavage.com\/pl\/wp-json\/wp\/v2\/media?parent=2760"}],"curies":[{"name":"wp","href":"https:\/\/api.w.org\/{rel}","templated":true}]}}